{"id":3,"date":"2024-08-18T22:48:14","date_gmt":"2024-08-18T20:48:14","guid":{"rendered":"https:\/\/dieyogamoni.flachgau-it.loc\/?page_id=3"},"modified":"2025-01-15T12:30:51","modified_gmt":"2025-01-15T11:30:51","slug":"datenschutzerklaerung","status":"publish","type":"page","link":"https:\/\/dieyogamoni.com\/?page_id=3","title":{"rendered":"Datenschutzerkl\u00e4rung"},"content":{"rendered":"\n<h2 class=\"wp-block-heading\"><\/h2>\n\n\n\n<p><strong>Wer wir sind<\/strong><\/p>\n\n\n\n<p>Die Adresse unserer Website lautet: <a href=\"https:\/\/www.dieyogamoni.com\">https:\/\/www.dieyogamoni.com<\/a><\/p>\n\n\n\n<p><strong>Kommentare<\/strong><\/p>\n\n\n\n<p>Wenn Besucher Kommentare auf unserer Website hinterlassen, sammeln wir die im Kommentarformular angegebenen Daten sowie die IP-Adresse des Besuchers und den User-Agent-String (dies dient dazu, den verwendeten Browser zu identifizieren), um Spam zu erkennen.<\/p>\n\n\n\n<p>Aus der E-Mail-Adresse eines Besuchers kann eine anonymisierte Zeichenfolge (auch \u201eHash\u201c genannt) erstellt und dem Gravatar-Dienst \u00fcbermittelt werden, um zu \u00fcberpr\u00fcfen, ob dieser Dienst verwendet wird. Die Datenschutzerkl\u00e4rung von Gravatar findest du hier: <a href=\"https:\/\/automattic.com\/privacy\/\">https:\/\/automattic.com\/privacy\/<\/a>. Nachdem der Kommentar freigegeben wurde, ist das Profilbild des Nutzers \u00f6ffentlich im Zusammenhang mit dem Kommentar sichtbar.<\/p>\n\n\n\n<p><strong>Medien<\/strong><\/p>\n\n\n\n<p>Wenn du als registrierter Benutzer Bilder auf unserer Website hochl\u00e4dst, vermeide bitte das Hochladen von Fotos, die GPS-Standortdaten (EXIF) enthalten. Besucher unserer Website k\u00f6nnten Fotos, die auf unserer Seite gespeichert sind, herunterladen und die Standortdaten extrahieren.<\/p>\n\n\n\n<p><strong>Cookies<\/strong><\/p>\n\n\n\n<p>Wenn du einen Kommentar auf unserer Website hinterl\u00e4sst, kann dies eine Zustimmung zur Speicherung von Name, E-Mail-Adresse und Website in Cookies bedeuten. Dies erleichtert dir die Eingabe dieser Informationen bei sp\u00e4teren Kommentaren, ohne sie erneut eingeben zu m\u00fcssen. Diese Cookies werden ein Jahr lang gespeichert.<\/p>\n\n\n\n<p>Wenn du ein Konto hast und dich auf unserer Website einloggst, setzen wir ein tempor\u00e4res Cookie, um zu pr\u00fcfen, ob dein Browser Cookies akzeptiert. Dieses Cookie enth\u00e4lt keine personenbezogenen Daten und wird gel\u00f6scht, sobald du deinen Browser schlie\u00dft.<\/p>\n\n\n\n<p>Wenn du dich anmeldest, setzen wir mehrere Cookies, um deine Anmeldedaten und Anzeigepr\u00e4ferenzen zu speichern. Anmelde-Cookies verfallen nach zwei Tagen, w\u00e4hrend Cookies f\u00fcr Anzeigeoptionen nach einem Jahr ablaufen. Wenn du bei der Anmeldung die Option \u201eAngemeldet bleiben\u201c ausw\u00e4hlst, bleibt deine Anmeldung f\u00fcr zwei Wochen bestehen. Bei der Abmeldung werden die Anmelde-Cookies gel\u00f6scht.<\/p>\n\n\n\n<p>Wenn du einen Beitrag bearbeitest oder ver\u00f6ffentlichst, wird ein zus\u00e4tzlicher Cookie in deinem Browser gespeichert. Dieser Cookie enth\u00e4lt keine personenbezogenen Daten, sondern verweist nur auf die ID des bearbeiteten Beitrags. Dieser Cookie verf\u00e4llt nach einem Tag.<\/p>\n\n\n\n<p><strong>Eingebettete Inhalte von anderen Websites<\/strong><\/p>\n\n\n\n<p>Beitr\u00e4ge auf dieser Website k\u00f6nnen eingebettete Inhalte (z. B. Videos, Bilder, Beitr\u00e4ge) enthalten. Eingebettete Inhalte von anderen Websites verhalten sich genau so, als ob der Besucher die andere Website direkt besucht h\u00e4tte.<\/p>\n\n\n\n<p>Diese Websites k\u00f6nnen Daten \u00fcber dich sammeln, Cookies setzen, zus\u00e4tzliche Tracking-Dienste von Dritten einbetten und deine Interaktionen mit diesem eingebetteten Inhalt aufzeichnen, insbesondere wenn du auf der Website eingeloggt bist.<\/p>\n\n\n\n<p><strong>Mit wem wir deine Daten teilen<\/strong><\/p>\n\n\n\n<p>Wenn du eine Passwortzur\u00fccksetzung beantragst, wird deine IP-Adresse in der E-Mail zur Zur\u00fccksetzung enthalten sein.<\/p>\n\n\n\n<p><strong>Wie lange wir deine Daten speichern<\/strong><\/p>\n\n\n\n<p>Wenn du einen Kommentar hinterl\u00e4sst, wird dieser zusammen mit den Metadaten unbegrenzt gespeichert. Auf diese Weise k\u00f6nnen wir Folgekommentare automatisch erkennen und freischalten, anstatt sie in einer Moderations-Warteschlange festzuhalten.<\/p>\n\n\n\n<p>F\u00fcr Benutzer, die sich auf unserer Website registrieren, speichern wir zus\u00e4tzlich die pers\u00f6nlichen Informationen, die sie in ihrem Benutzerprofil angegeben haben. Alle Benutzer k\u00f6nnen ihre pers\u00f6nlichen Informationen jederzeit einsehen, \u00e4ndern oder l\u00f6schen (der Benutzername kann jedoch nicht ge\u00e4ndert werden). Administratoren der Website haben ebenfalls Zugriff auf diese Informationen und k\u00f6nnen sie bearbeiten.<\/p>\n\n\n\n<p><strong>Welche Rechte du an deinen Daten hast<\/strong><\/p>\n\n\n\n<p>Wenn du ein Konto auf dieser Website hast oder Kommentare hinterlassen hast, kannst du eine Kopie deiner personenbezogenen Daten, die wir \u00fcber dich gespeichert haben, anfordern. Dar\u00fcber hinaus kannst du die L\u00f6schung aller personenbezogenen Daten beantragen, die wir von dir gespeichert haben. Dies gilt jedoch nicht f\u00fcr Daten, die wir aus administrativen, rechtlichen oder sicherheitsrelevanten Gr\u00fcnden aufbewahren m\u00fcssen.<\/p>\n\n\n\n<p><strong>Wohin deine Daten gesendet werden<\/strong><\/p>\n\n\n\n<p>Kommentare von Besuchern werden m\u00f6glicherweise von einem automatisierten Dienst zur Spam-Erkennung \u00fcberpr\u00fcft.<\/p>\n","protected":false},"excerpt":{"rendered":"<p>Wer wir sind Die Adresse unserer Website lautet: https:\/\/www.dieyogamoni.com Kommentare Wenn Besucher Kommentare auf unserer Website hinterlassen, sammeln wir die im Kommentarformular angegebenen Daten sowie die IP-Adresse des Besuchers und den User-Agent-String (dies dient dazu, den verwendeten Browser zu identifizieren), um Spam zu erkennen. Aus der E-Mail-Adresse eines Besuchers kann eine anonymisierte Zeichenfolge (auch \u201eHash\u201c [&hellip;]<\/p>\n","protected":false},"author":1,"featured_media":0,"parent":0,"menu_order":0,"comment_status":"closed","ping_status":"open","template":"","meta":{"footnotes":""},"class_list":["post-3","page","type-page","status-publish","hentry"],"_links":{"self":[{"href":"https:\/\/dieyogamoni.com\/index.php?rest_route=\/wp\/v2\/pages\/3","targetHints":{"allow":["GET"]}}],"collection":[{"href":"https:\/\/dieyogamoni.com\/index.php?rest_route=\/wp\/v2\/pages"}],"about":[{"href":"https:\/\/dieyogamoni.com\/index.php?rest_route=\/wp\/v2\/types\/page"}],"author":[{"embeddable":true,"href":"https:\/\/dieyogamoni.com\/index.php?rest_route=\/wp\/v2\/users\/1"}],"replies":[{"embeddable":true,"href":"https:\/\/dieyogamoni.com\/index.php?rest_route=%2Fwp%2Fv2%2Fcomments&post=3"}],"version-history":[{"count":1,"href":"https:\/\/dieyogamoni.com\/index.php?rest_route=\/wp\/v2\/pages\/3\/revisions"}],"predecessor-version":[{"id":22,"href":"https:\/\/dieyogamoni.com\/index.php?rest_route=\/wp\/v2\/pages\/3\/revisions\/22"}],"wp:attachment":[{"href":"https:\/\/dieyogamoni.com\/index.php?rest_route=%2Fwp%2Fv2%2Fmedia&parent=3"}],"curies":[{"name":"wp","href":"https:\/\/api.w.org\/{rel}","templated":true}]}}