{"id":23,"date":"2025-01-15T12:36:36","date_gmt":"2025-01-15T11:36:36","guid":{"rendered":"https:\/\/dieyogamoni.com\/?page_id=23"},"modified":"2025-01-15T12:36:58","modified_gmt":"2025-01-15T11:36:58","slug":"impressum","status":"publish","type":"page","link":"https:\/\/dieyogamoni.com\/?page_id=23","title":{"rendered":"Impressum"},"content":{"rendered":"\n<p><strong>Angaben gem\u00e4\u00df \u00a7 5 TMG (Telemediengesetz):<\/strong><\/p>\n\n\n\n<p><strong>Betreiberin der Website:<\/strong><\/p>\n\n\n\n<p>Monika H\u00f6henberger<br>Kampesberg 21<br>4656 Kirchham<br>\u00d6sterreich<\/p>\n\n\n\n<p><strong>Kontakt:<\/strong><\/p>\n\n\n\n<p>E-Mail: office@dieyogamoni.com<br>Telefon: 0043 676 4554204<br>Website: <a href=\"https:\/\/www.dieyogamoni.com\">https:\/\/www.dieyogamoni.com<\/a><\/p>\n\n\n\n<p><strong>Verantwortlich f\u00fcr den Inhalt nach \u00a7 55 Abs. 2 RStV (Rundfunkstaatsvertrag):<\/strong><\/p>\n\n\n\n<p>Monika H\u00f6henberger<br>Kampesberg 21<br>4656 Kirchham<br>\u00d6sterreich<\/p>\n\n\n\n<p><strong>Haftungsausschluss:<\/strong><\/p>\n\n\n\n<p>Die Inhalte dieser Website wurden mit gr\u00f6\u00dftm\u00f6glicher Sorgfalt erstellt. Dennoch \u00fcbernimmt der Betreiber keine Haftung f\u00fcr die Richtigkeit, Vollst\u00e4ndigkeit und Aktualit\u00e4t der bereitgestellten Informationen. Eine Haftung f\u00fcr Sch\u00e4den, die durch die Nutzung der auf dieser Website bereitgestellten Informationen entstehen, ist ausgeschlossen, soweit diese nicht auf Vorsatz oder grober Fahrl\u00e4ssigkeit beruhen.<\/p>\n\n\n\n<p><strong>Urheberrecht:<\/strong><\/p>\n\n\n\n<p>Die auf dieser Website ver\u00f6ffentlichten Inhalte unterliegen dem deutschen Urheberrecht. Die Vervielf\u00e4ltigung, Bearbeitung oder Verbreitung von Inhalten dieser Seite ist nur mit ausdr\u00fccklicher Zustimmung des Betreibers gestattet. Alle auf dieser Website verwendeten Marken, Logos und andere gesch\u00fctzte Inhalte sind Eigentum der jeweiligen Rechteinhaber.<\/p>\n\n\n\n<p><strong>Haftung f\u00fcr Links:<\/strong><\/p>\n\n\n\n<p>Diese Website enth\u00e4lt Links zu externen Webseiten Dritter. Auf den Inhalt dieser verlinkten Seiten haben wir keinen Einfluss. Daher \u00fcbernehmen wir keine Haftung f\u00fcr deren Inhalte. F\u00fcr den Inhalt der verlinkten Seiten ist stets der jeweilige Anbieter oder Betreiber der Seiten verantwortlich.<\/p>\n\n\n\n<p><strong>Datenschutzerkl\u00e4rung:<\/strong><\/p>\n\n\n\n<p>Unsere Datenschutzerkl\u00e4rung kannst du unter folgendem Link einsehen: [<a href=\"https:\/\/dieyogamoni.com\/?page_id=3\" data-type=\"link\" data-id=\"https:\/\/dieyogamoni.com\/?page_id=3\">Datenschutzerkl\u00e4rung-Link<\/a>]<\/p>\n\n\n\n<p><\/p>\n","protected":false},"excerpt":{"rendered":"<p>Angaben gem\u00e4\u00df \u00a7 5 TMG (Telemediengesetz): Betreiberin der Website: Monika H\u00f6henbergerKampesberg 214656 Kirchham\u00d6sterreich Kontakt: E-Mail: office@dieyogamoni.comTelefon: 0043 676 4554204Website: https:\/\/www.dieyogamoni.com Verantwortlich f\u00fcr den Inhalt nach \u00a7 55 Abs. 2 RStV (Rundfunkstaatsvertrag): Monika H\u00f6henbergerKampesberg 214656 Kirchham\u00d6sterreich Haftungsausschluss: Die Inhalte dieser Website wurden mit gr\u00f6\u00dftm\u00f6glicher Sorgfalt erstellt. Dennoch \u00fcbernimmt der Betreiber keine Haftung f\u00fcr die Richtigkeit, Vollst\u00e4ndigkeit [&hellip;]<\/p>\n","protected":false},"author":2,"featured_media":0,"parent":0,"menu_order":0,"comment_status":"closed","ping_status":"closed","template":"","meta":{"footnotes":""},"class_list":["post-23","page","type-page","status-publish","hentry"],"_links":{"self":[{"href":"https:\/\/dieyogamoni.com\/index.php?rest_route=\/wp\/v2\/pages\/23","targetHints":{"allow":["GET"]}}],"collection":[{"href":"https:\/\/dieyogamoni.com\/index.php?rest_route=\/wp\/v2\/pages"}],"about":[{"href":"https:\/\/dieyogamoni.com\/index.php?rest_route=\/wp\/v2\/types\/page"}],"author":[{"embeddable":true,"href":"https:\/\/dieyogamoni.com\/index.php?rest_route=\/wp\/v2\/users\/2"}],"replies":[{"embeddable":true,"href":"https:\/\/dieyogamoni.com\/index.php?rest_route=%2Fwp%2Fv2%2Fcomments&post=23"}],"version-history":[{"count":2,"href":"https:\/\/dieyogamoni.com\/index.php?rest_route=\/wp\/v2\/pages\/23\/revisions"}],"predecessor-version":[{"id":25,"href":"https:\/\/dieyogamoni.com\/index.php?rest_route=\/wp\/v2\/pages\/23\/revisions\/25"}],"wp:attachment":[{"href":"https:\/\/dieyogamoni.com\/index.php?rest_route=%2Fwp%2Fv2%2Fmedia&parent=23"}],"curies":[{"name":"wp","href":"https:\/\/api.w.org\/{rel}","templated":true}]}}